{"id":258,"date":"2018-12-19T10:58:21","date_gmt":"2018-12-19T10:58:21","guid":{"rendered":"http:\/\/www.idynamics.es\/?page_id=258"},"modified":"2019-01-22T15:14:05","modified_gmt":"2019-01-22T15:14:05","slug":"aviso-legal","status":"publish","type":"page","link":"https:\/\/www.idynamics.es\/es\/aviso-legal\/","title":{"rendered":"Aviso Legal"},"content":{"rendered":"<p>[et_pb_section fb_built=\u00bb1&#8243; _builder_version=\u00bb3.18.6&#8243;][et_pb_row _builder_version=\u00bb3.18.6&#8243;][et_pb_column type=\u00bb4_4&#8243; _builder_version=\u00bb3.18.6&#8243; parallax=\u00bboff\u00bb parallax_method=\u00bbon\u00bb][et_pb_text _builder_version=\u00bb3.18.6&#8243;]<\/p>\n<p><strong>Aviso Legal<\/strong><\/p>\n<p>La sociedad editora del presente WEBSITE es la mercantil AITANA MANAGEMENT S.L., (en adelante IDYNAMICS) con domicilio social en Valencia, Avda. Jacinto Benavente n\u00fam. 3 (46005), con C.I.F. n\u00fam. B97618573, inscrita en el Registro Mercantil de Valencia, siendo propietaria del dominio www.idynamics.es y los contenidos del WEBSITE, quedando prohibida toda reproducci\u00f3n, distribuci\u00f3n, transformaci\u00f3n, presentaci\u00f3n, total o parcial, del contenido del WEBSITE o de alguno de sus elementos, de forma directa o indirecta por redes telem\u00e1ticas o soportes an\u00e1logos, sin la previa autorizaci\u00f3n expresa y por escrito de la sociedad editora. El incumplimiento de lo anterior facultar\u00e1 a IDYNAMICS para interponer las acciones legales pertinentes. Pol\u00edtica de privacidad y protecci\u00f3n de datos.<\/p>\n<p>La visita a este WEBSITE no obliga al usuario a facilitar ninguna informaci\u00f3n sobre s\u00ed mismo. Los datos personales proporcionados por el USUARIO y recogidos en este WEBSITE ser\u00e1n utilizados con la finalidad, en la forma y con las limitaciones y derechos que recoge la Ley Org\u00e1nica 15\/1999, de Protecci\u00f3n de Datos de Car\u00e1cter Personal y sus normas de desarrollo. Dichos datos ser\u00e1n incorporados a los ficheros de car\u00e1cter personal donde ser\u00e1n conservados por IDYNAMICS de forma confidencial.<\/p>\n<p>IDYNAMICS ha adoptado los respectivos niveles de protecci\u00f3n de los datos determinados legalmente, y ha instalado todos los medios t\u00e9cnicos a su alcance para evitar la p\u00e9rdida, mal uso, alteraci\u00f3n, acceso no autorizado y robo de los datos personales facilitados. Los usuarios que faciliten datos de car\u00e1cter personal consienten inequ\u00edvocamente la incorporaci\u00f3n de sus datos a los ficheros que contengan datos de car\u00e1cter personal, de los que es responsable IDYNAMICS, as\u00ed como el tratamiento informatizado o no de los mismos con el fin de que puedan ser utilizados por IDYNAMICS, con una finalidad comercial, financiera, de personalizaci\u00f3n, operativa y estad\u00edstica, y actividades propias de su objeto social; autorizando expresamente a IDYNAMICS para la extracci\u00f3n, almacenamiento de datos y estudios de marketing al objeto de adecuar sus ofertas al perfil particular. IDYNAMICS podr\u00e1 conservar sus datos una vez finalizada toda la relaci\u00f3n con el usuario para cumplir obligaciones legales.<\/p>\n<p><strong>Derechos de los usuarios en relaci\u00f3n con sus datos personales<\/strong><\/p>\n<p>Los usuarios podr\u00e1n ejercitar gratuitamente los derechos que legalmente les asisten de oposici\u00f3n, acceso e informaci\u00f3n, rectificaci\u00f3n, uso y cesi\u00f3n, cancelaci\u00f3n de sus datos y revocaci\u00f3n de su autorizaci\u00f3n sin efectos retroactivos, en los t\u00e9rminos especificados en la Ley Org\u00e1nica 15\/1999, de Protecci\u00f3n de Datos de Car\u00e1cter Personal, conforme al procedimiento legalmente establecido. Estos derechos podr\u00e1n ser ejercitados a trav\u00e9s de correo postal dirigido al domicilio social de IDYNAMICS sito en la Avda. Jacinto Benavente n\u00fam. 3 de Valencia (C.P. 46005), junto con fotocopia del D.N.I. u otro medio v\u00e1lido en derecho que permita acreditar su identificaci\u00f3n.<\/p>\n<p><strong>Cesi\u00f3n de datos personales de los usuarios a terceros<\/strong><\/p>\n<p>IDYNAMICS no ceder\u00e1 los datos personales de los usuarios que se recogen a trav\u00e9s del WEBSITE a terceros sin consentimiento expreso del usuario. Para lo cual le ofrecer\u00e1 previamente la posibilidad de aceptar esta cesi\u00f3n o no hacerlo. IDYNAMICS informar\u00e1 expresamente en su caso al usuario sobre la cesi\u00f3n de sus datos personales a terceros, indicando la identidad de los cesionarios y la finalidad de dicha cesi\u00f3n.<\/p>\n<p>No obstante, los usuarios que faciliten sus datos de car\u00e1cter personal prestan su consentimiento expreso para que puedan ser comunicados con objeto de su utilizaci\u00f3n al grupo de empresas que pertenecen a esta entidad mercantil con las mismas finalidades indicadas para la recogida de datos personales por parte de IDYNAMICS, garantiz\u00e1ndose en todo caso la confidencialidad en el tratamiento automatizado de los mismos.<\/p>\n<p>[\/et_pb_text][\/et_pb_column][\/et_pb_row][\/et_pb_section]<\/p>\n","protected":false},"excerpt":{"rendered":"<p>Aviso Legal La sociedad editora del presente WEBSITE es la mercantil AITANA MANAGEMENT S.L., (en adelante IDYNAMICS) con domicilio social en Valencia, Avda. Jacinto Benavente n\u00fam. 3 (46005), con C.I.F. n\u00fam. B97618573, inscrita en el Registro Mercantil de Valencia, siendo propietaria del dominio www.idynamics.es y los contenidos del WEBSITE, quedando prohibida toda reproducci\u00f3n, distribuci\u00f3n, transformaci\u00f3n, [&hellip;]<\/p>\n","protected":false},"author":3,"featured_media":0,"parent":0,"menu_order":0,"comment_status":"closed","ping_status":"closed","template":"","meta":{"_et_pb_use_builder":"on","_et_pb_old_content":"","_et_gb_content_width":"","footnotes":""},"class_list":["post-258","page","type-page","status-publish","hentry"],"_links":{"self":[{"href":"https:\/\/www.idynamics.es\/es\/wp-json\/wp\/v2\/pages\/258","targetHints":{"allow":["GET"]}}],"collection":[{"href":"https:\/\/www.idynamics.es\/es\/wp-json\/wp\/v2\/pages"}],"about":[{"href":"https:\/\/www.idynamics.es\/es\/wp-json\/wp\/v2\/types\/page"}],"author":[{"embeddable":true,"href":"https:\/\/www.idynamics.es\/es\/wp-json\/wp\/v2\/users\/3"}],"replies":[{"embeddable":true,"href":"https:\/\/www.idynamics.es\/es\/wp-json\/wp\/v2\/comments?post=258"}],"version-history":[{"count":3,"href":"https:\/\/www.idynamics.es\/es\/wp-json\/wp\/v2\/pages\/258\/revisions"}],"predecessor-version":[{"id":484,"href":"https:\/\/www.idynamics.es\/es\/wp-json\/wp\/v2\/pages\/258\/revisions\/484"}],"wp:attachment":[{"href":"https:\/\/www.idynamics.es\/es\/wp-json\/wp\/v2\/media?parent=258"}],"curies":[{"name":"wp","href":"https:\/\/api.w.org\/{rel}","templated":true}]}}