{"id":342,"date":"2019-01-19T16:28:49","date_gmt":"2019-01-19T16:28:49","guid":{"rendered":"http:\/\/www.idynamics.es\/?page_id=342"},"modified":"2022-09-12T16:30:44","modified_gmt":"2022-09-12T14:30:44","slug":"valuedshipment","status":"publish","type":"page","link":"https:\/\/www.idynamics.es\/es\/valuedshipment\/","title":{"rendered":"iDynamics Valued Shipment"},"content":{"rendered":"<p>[et_pb_section fb_built=\u00bb1&#8243; disabled_on=\u00bboff|off|off\u00bb _builder_version=\u00bb3.22&#8243; custom_padding=\u00bb5px|0px|12px|0px|false|false\u00bb global_colors_info=\u00bb{}\u00bb][et_pb_row column_structure=\u00bb1_4,1_2,1_4&#8243; use_custom_gutter=\u00bbon\u00bb gutter_width=\u00bb2&#8243; _builder_version=\u00bb3.25&#8243; global_colors_info=\u00bb{}\u00bb][et_pb_column type=\u00bb1_4&#8243; module_class=\u00bbapp-description-col1&#8243; _builder_version=\u00bb3.25&#8243; custom_padding=\u00bb|||\u00bb custom_css_main_element=\u00bb\/* width:15% !important; *\/\u00bb global_colors_info=\u00bb{}\u00bb custom_padding__hover=\u00bb|||\u00bb][et_pb_button button_url=\u00bbhttps:\/\/appsource.microsoft.com\/es-es\/product\/dynamics-365-business-central\/PUBID.aitana_management_sl|AID.idynamics_valued_shipment_and_returns_es|PAPPID.db47e30a-39de-42e0-922d-aeb57d59fe78?tab=Overview\u00bb url_new_window=\u00bbon\u00bb button_text=\u00bbInstalar\u00bb disabled_on=\u00bbon|on|off\u00bb admin_label=\u00bbInstalar\u00bb module_class=\u00bbboton_ficha_prod_escritorio\u00bb _builder_version=\u00bb4.14.2&#8243; custom_button=\u00bbon\u00bb button_text_size=\u00bb14px\u00bb button_text_color=\u00bb#ffffff\u00bb button_border_width=\u00bb0px\u00bb button_border_radius=\u00bb0px\u00bb button_font=\u00bb||||||||\u00bb button_icon=\u00bb&#xe092;||divi||400&#8243; button_icon_color=\u00bb#ffffff\u00bb button_icon_placement=\u00bbleft\u00bb button_on_hover=\u00bboff\u00bb custom_margin=\u00bb||\u00bb custom_padding=\u00bb|||\u00bb saved_tabs=\u00bball\u00bb global_colors_info=\u00bb{}\u00bb][\/et_pb_button][et_pb_button button_url=\u00bb\/es\/contacta-con-nosotros\/\u00bb url_new_window=\u00bbon\u00bb button_text=\u00bbContacta\u00bb disabled_on=\u00bbon|on|off\u00bb admin_label=\u00bbComprar\u00bb module_class=\u00bbboton_ficha_prod_escritorio\u00bb _builder_version=\u00bb4.14.2&#8243; custom_button=\u00bbon\u00bb button_text_size=\u00bb14px\u00bb button_text_color=\u00bb#ffffff\u00bb button_border_width=\u00bb0px\u00bb button_border_radius=\u00bb0px\u00bb button_font=\u00bb|300|||||||\u00bb button_icon=\u00bb&#xe08a;||divi||400&#8243; button_icon_color=\u00bb#ffffff\u00bb button_icon_placement=\u00bbleft\u00bb button_on_hover=\u00bboff\u00bb custom_margin=\u00bb0px||\u00bb custom_padding=\u00bb|||\u00bb saved_tabs=\u00bball\u00bb global_colors_info=\u00bb{}\u00bb][\/et_pb_button][et_pb_text disabled_on=\u00bbon|on|off\u00bb _builder_version=\u00bb3.27.4&#8243; text_font=\u00bb||||||||\u00bb text_font_size=\u00bb12px\u00bb global_colors_info=\u00bb{}\u00bb]<strong>Precios<\/strong><br \/>\nPrueba gratuita<br \/>\n22 \u20ac\/mes<span style=\"font-size: x-small;\"><\/span><\/p>\n<p><strong>Versiones soportadas<\/strong><br \/>\nDynamics 365 Business Central<br \/>\nDynamics NAV<\/p>\n<p><strong>Documentaci\u00f3n<\/strong>:<br \/>\n<span><a href=\"https:\/\/docs.idynamics.es\/es\/valuedshipment\/index.html\" target=\"_blank\" rel=\"noopener noreferrer\">https:\/\/docs.idynamics.es<\/a><\/span><\/p>\n<p>&nbsp;[\/et_pb_text][\/et_pb_column][et_pb_column type=\u00bb1_2&#8243; module_class=\u00bbapp-description-col2&#8243; _builder_version=\u00bb3.25&#8243; custom_padding=\u00bb|||\u00bb custom_css_main_element=\u00bb\/* width:38% !important; *\/\u00bb global_colors_info=\u00bb{}\u00bb custom_padding__hover=\u00bb|||\u00bb][et_pb_text _builder_version=\u00bb3.27.4&#8243; custom_margin=\u00bb0px||0px\u00bb global_colors_info=\u00bb{}\u00bb]<\/p>\n<h1><strong>iDynamics Valued Shipment<\/strong><\/h1>\n<p>[\/et_pb_text][et_pb_text _builder_version=\u00bb3.27.4&#8243; custom_margin=\u00bb||\u00bb global_colors_info=\u00bb{}\u00bb]Evita sorpresas y anticipa a tus clientes el valor de la mercanc\u00eda entregada.[\/et_pb_text][et_pb_text _builder_version=\u00bb3.27.4&#8243; custom_margin=\u00bb||\u00bb global_colors_info=\u00bb{}\u00bb]<em>\u00bfTus clientes facturan por per\u00edodos de tiempo determinado y necesitas gestionar albaranes valorados? \u00bfQuieres informar a tus clientes sobre el valor de la mercanc\u00eda aunque no hayas emitido la factura?&nbsp;<\/em>[\/et_pb_text][et_pb_text _builder_version=\u00bb4.14.2&#8243; text_font=\u00bb||||||||\u00bb text_font_size=\u00bb12px\u00bb hover_enabled=\u00bb0&#8243; global_colors_info=\u00bb{}\u00bb sticky_enabled=\u00bb0&#8243;]<\/p>\n<p>La extensi\u00f3n iDynamics Valued Shipment ofrece la oportunidad de superar las expectativas de los clientes y mejorar la calidad del servicio, ya que permite visualizar e imprimir los importes asociados a los albaranes de compra y de venta, heredando la informaci\u00f3n econ\u00f3mica desde los documentos de origen.<\/p>\n<p>Sin efectos tributarios, el albar\u00e1n valorado permite la verificaci\u00f3n de que la entrega de mercanc\u00edas se ha realizado con garant\u00edas.<\/p>\n<h2><strong>Caracter\u00edsticas y beneficios<\/strong><\/h2>\n<ul>\n<li>A\u00f1ade importes y totales al documento Hist\u00f3rico de albar\u00e1n de venta<\/li>\n<li>A\u00f1ade importes y totales al documento de Hist\u00f3rico de albar\u00e1n de compra.<\/li>\n<li>A\u00f1ade importes y totales al documento de Env\u00edo de devoluci\u00f3n.<\/li>\n<li>A\u00f1ade importes y totales al documento de Recepci\u00f3n de devoluci\u00f3n.<\/li>\n<li>Nuevo informe de impresi\u00f3n para el Hist\u00f3rico de albar\u00e1n de venta, con la opci\u00f3n de mostrar los importes en el documento.<\/li>\n<\/ul>\n<p>\u00a1<a href=\"https:\/\/appsource.microsoft.com\/es-es\/product\/dynamics-365-business-central\/PUBID.aitana_management_sl|AID.idynamics_valued_shipment_and_returns_es|PAPPID.db47e30a-39de-42e0-922d-aeb57d59fe78?tab=Overview\">Descarga ahora<\/a> esta aplicaci\u00f3n y ofrece una mejor informaci\u00f3n a tus clientes!<\/p>\n<p>[\/et_pb_text][\/et_pb_column][et_pb_column type=\u00bb1_4&#8243; module_class=\u00bbapp-description-col3&#8243; _builder_version=\u00bb3.25&#8243; custom_padding=\u00bb|||\u00bb custom_css_main_element=\u00bb\/* width:38% !important;*\/\u00bb global_colors_info=\u00bb{}\u00bb custom_padding__hover=\u00bb|||\u00bb][et_pb_gallery gallery_ids=\u00bb2439,2441,2443,2445&#8243; fullwidth=\u00bbon\u00bb _builder_version=\u00bb3.18.6&#8243; global_colors_info=\u00bb{}\u00bb][\/et_pb_gallery][et_pb_text _builder_version=\u00bb3.27.4&#8243; saved_tabs=\u00bball\u00bb global_colors_info=\u00bb{}\u00bb]Si tiene alguna duda puede contactarnos a trav\u00e9s del siguiente <a href=\"\/es\/contacta-con-nosotros\/\"><strong>formulario<\/strong> <\/a>o a trav\u00e9s de <span style=\"color: #000000;\"><a href=\"mailto:support@idynamics.es\" style=\"color: #000000;\"><strong>support@idynamics.es<\/strong><\/a><\/span>[\/et_pb_text][et_pb_image src=\u00bbhttps:\/\/www.idynamics.es\/wp-content\/uploads\/2020\/12\/GetItFromAppSource.png\u00bb url=\u00bbhttps:\/\/appsource.microsoft.com\/es-es\/product\/dynamics-365-business-central\/PUBID.aitana_management_sl%7CAID.idynamics_valued_shipment_and_returns_es%7CPAPPID.db47e30a-39de-42e0-922d-aeb57d59fe78?tab=Overview\u00bb url_new_window=\u00bbon\u00bb align=\u00bbcenter\u00bb align_tablet=\u00bbcenter\u00bb align_phone=\u00bbcenter\u00bb align_last_edited=\u00bbon|desktop\u00bb _builder_version=\u00bb3.23&#8243; global_colors_info=\u00bb{}\u00bb][\/et_pb_image][et_pb_button button_url=\u00bbhttps:\/\/appsource.microsoft.com\/es-es\/product\/dynamics-365-business-central\/PUBID.aitana_management_sl|AID.idynamics_valued_shipment_and_returns_es|PAPPID.db47e30a-39de-42e0-922d-aeb57d59fe78?tab=Overview\u00bb url_new_window=\u00bbon\u00bb button_text=\u00bbInstalar\u00bb button_alignment=\u00bbcenter\u00bb disabled_on=\u00bboff|off|on\u00bb admin_label=\u00bbInstalar\u00bb _builder_version=\u00bb4.14.2&#8243; custom_button=\u00bbon\u00bb button_text_size=\u00bb14px\u00bb button_text_color=\u00bb#ffffff\u00bb button_border_width=\u00bb0px\u00bb button_border_radius=\u00bb0px\u00bb button_font=\u00bb||||||||\u00bb button_icon=\u00bb&#xe092;||divi||400&#8243; button_icon_color=\u00bb#ffffff\u00bb button_icon_placement=\u00bbleft\u00bb button_on_hover=\u00bboff\u00bb custom_margin=\u00bb||\u00bb custom_padding=\u00bb5px|36px||56px\u00bb custom_css_main_element=\u00bbwidth: 167px;||white-space: nowrap;||overflow: hidden;||text-overflow: ellipsis;\u00bb saved_tabs=\u00bball\u00bb global_colors_info=\u00bb{}\u00bb][\/et_pb_button][et_pb_button button_url=\u00bb\/es\/contacta-con-nosotros\/\u00bb url_new_window=\u00bbon\u00bb button_text=\u00bbContacta\u00bb button_alignment=\u00bbcenter\u00bb disabled_on=\u00bboff|off|on\u00bb admin_label=\u00bbComprar\u00bb _builder_version=\u00bb4.14.2&#8243; custom_button=\u00bbon\u00bb button_text_size=\u00bb14px\u00bb button_text_color=\u00bb#ffffff\u00bb button_border_width=\u00bb0px\u00bb button_border_radius=\u00bb0px\u00bb button_font=\u00bb|300|||||||\u00bb button_icon=\u00bb&#xe08a;||divi||400&#8243; button_icon_color=\u00bb#ffffff\u00bb button_icon_placement=\u00bbleft\u00bb button_on_hover=\u00bboff\u00bb custom_margin=\u00bb0px||\u00bb custom_padding=\u00bb5px|42px||60px\u00bb custom_css_main_element=\u00bbwidth: 167px;||white-space: nowrap;||overflow: hidden;||text-overflow: ellipsis;\u00bb saved_tabs=\u00bball\u00bb global_colors_info=\u00bb{}\u00bb][\/et_pb_button][et_pb_text disabled_on=\u00bboff|off|on\u00bb _builder_version=\u00bb3.27.4&#8243; text_font=\u00bb||||||||\u00bb text_font_size=\u00bb12px\u00bb global_colors_info=\u00bb{}\u00bb]<strong>Precios<\/strong><br \/>\nPrueba gratuita<br \/>\n22 \u20ac\/mes<span style=\"font-size: x-small;\"><\/span><\/p>\n<p><strong>Versiones soportadas<\/strong><br \/>\nDynamics 365 Business Central<br \/>\nDynamics NAV<\/p>\n<p><strong>Documentaci\u00f3n<\/strong>:<br \/>\n<span><a href=\"https:\/\/docs.idynamics.es\/es\/valuedshipment\/index.html\" target=\"_blank\" rel=\"noopener noreferrer\">https:\/\/docs.idynamics.es<\/a><\/span><\/p>\n<p>&nbsp;[\/et_pb_text][\/et_pb_column][\/et_pb_row][\/et_pb_section]<\/p>\n","protected":false},"excerpt":{"rendered":"<p>Precios Prueba gratuita 22 \u20ac\/mes Versiones soportadas Dynamics 365 Business Central Dynamics NAV Documentaci\u00f3n: https:\/\/docs.idynamics.es &nbsp;iDynamics Valued ShipmentEvita sorpresas y anticipa a tus clientes el valor de la mercanc\u00eda entregada.\u00bfTus clientes facturan por per\u00edodos de tiempo determinado y necesitas gestionar albaranes valorados? \u00bfQuieres informar a tus clientes sobre el valor de la mercanc\u00eda aunque no [&hellip;]<\/p>\n","protected":false},"author":3,"featured_media":0,"parent":0,"menu_order":0,"comment_status":"closed","ping_status":"closed","template":"","meta":{"_et_pb_use_builder":"on","_et_pb_old_content":"","_et_gb_content_width":"","footnotes":""},"class_list":["post-342","page","type-page","status-publish","hentry"],"_links":{"self":[{"href":"https:\/\/www.idynamics.es\/es\/wp-json\/wp\/v2\/pages\/342","targetHints":{"allow":["GET"]}}],"collection":[{"href":"https:\/\/www.idynamics.es\/es\/wp-json\/wp\/v2\/pages"}],"about":[{"href":"https:\/\/www.idynamics.es\/es\/wp-json\/wp\/v2\/types\/page"}],"author":[{"embeddable":true,"href":"https:\/\/www.idynamics.es\/es\/wp-json\/wp\/v2\/users\/3"}],"replies":[{"embeddable":true,"href":"https:\/\/www.idynamics.es\/es\/wp-json\/wp\/v2\/comments?post=342"}],"version-history":[{"count":59,"href":"https:\/\/www.idynamics.es\/es\/wp-json\/wp\/v2\/pages\/342\/revisions"}],"predecessor-version":[{"id":4825,"href":"https:\/\/www.idynamics.es\/es\/wp-json\/wp\/v2\/pages\/342\/revisions\/4825"}],"wp:attachment":[{"href":"https:\/\/www.idynamics.es\/es\/wp-json\/wp\/v2\/media?parent=342"}],"curies":[{"name":"wp","href":"https:\/\/api.w.org\/{rel}","templated":true}]}}