{"id":437,"date":"2019-01-19T17:21:22","date_gmt":"2019-01-19T17:21:22","guid":{"rendered":"http:\/\/www.idynamics.es\/?page_id=437"},"modified":"2025-03-03T17:04:29","modified_gmt":"2025-03-03T16:04:29","slug":"purchaserebates","status":"publish","type":"page","link":"https:\/\/www.idynamics.es\/es\/purchaserebates\/","title":{"rendered":"iDynamics Purchase Rebates"},"content":{"rendered":"<p>[et_pb_section fb_built=\u00bb1&#8243; disabled_on=\u00bboff|off|off\u00bb _builder_version=\u00bb4.16&#8243; custom_padding=\u00bb5px|0px|66px|0px|false|false\u00bb global_colors_info=\u00bb{}\u00bb][et_pb_row column_structure=\u00bb1_4,1_2,1_4&#8243; use_custom_gutter=\u00bbon\u00bb gutter_width=\u00bb2&#8243; _builder_version=\u00bb4.16&#8243; global_colors_info=\u00bb{}\u00bb][et_pb_column type=\u00bb1_4&#8243; module_class=\u00bbapp-description-col1&#8243; _builder_version=\u00bb4.16&#8243; custom_padding=\u00bb|||\u00bb global_colors_info=\u00bb{}\u00bb custom_padding__hover=\u00bb|||\u00bb][et_pb_button button_url=\u00bbhttps:\/\/appsource.microsoft.com\/es-es\/product\/dynamics-365-business-central\/PUBID.aitana_management_sl|AID.idynamics_purchase_rebates|PAPPID.1ed41783-d386-4cad-b913-bb555033a34d?tab=Overview\u00bb url_new_window=\u00bbon\u00bb button_text=\u00bbInstalar\u00bb button_alignment=\u00bbcenter\u00bb admin_label=\u00bbInstalar\u00bb module_class=\u00bbboton_ficha_prod_escritorio\u00bb _builder_version=\u00bb4.16&#8243; custom_button=\u00bbon\u00bb button_text_size=\u00bb14px\u00bb button_text_color=\u00bb#ffffff\u00bb button_border_width=\u00bb0px\u00bb button_border_radius=\u00bb0px\u00bb button_font=\u00bb||||||||\u00bb button_icon=\u00bb&#xe092;||divi||400&#8243; button_icon_color=\u00bb#ffffff\u00bb button_icon_placement=\u00bbleft\u00bb button_on_hover=\u00bboff\u00bb custom_margin=\u00bb||\u00bb custom_padding=\u00bb|||\u00bb saved_tabs=\u00bball\u00bb global_colors_info=\u00bb{}\u00bb][\/et_pb_button][et_pb_button button_url=\u00bb\/es\/contacta-con-nosotros\/\u00bb url_new_window=\u00bbon\u00bb button_text=\u00bbContacta\u00bb button_alignment=\u00bbcenter\u00bb admin_label=\u00bbComprar\u00bb module_class=\u00bbboton_ficha_prod_escritorio\u00bb _builder_version=\u00bb4.16&#8243; custom_button=\u00bbon\u00bb button_text_size=\u00bb14px\u00bb button_text_color=\u00bb#ffffff\u00bb button_border_width=\u00bb0px\u00bb button_border_radius=\u00bb0px\u00bb button_font=\u00bb|300|||||||\u00bb button_icon=\u00bb&#xe08a;||divi||400&#8243; button_icon_color=\u00bb#ffffff\u00bb button_icon_placement=\u00bbleft\u00bb button_on_hover=\u00bboff\u00bb custom_margin=\u00bb0px||\u00bb custom_padding=\u00bb|||\u00bb saved_tabs=\u00bball\u00bb global_colors_info=\u00bb{}\u00bb][\/et_pb_button][et_pb_text _builder_version=\u00bb4.16&#8243; text_font=\u00bb||||||||\u00bb text_font_size=\u00bb12px\u00bb global_colors_info=\u00bb{}\u00bb]<\/p>\n<p><strong>Precios<\/strong><br \/>Prueba gratuita<br \/>$99 mes<span style=\"font-size: x-small;\"><\/span><\/p>\n<p><strong>Versiones soportadas<\/strong><br \/>Dynamics 365 Business Central<\/p>\n<p><strong>Documentaci\u00f3n<\/strong>:<br \/><span><a href=\"https:\/\/docs.idynamics.es\/es\/purchaserebates\/index.html\" target=\"_blank\" rel=\"noopener noreferrer\">https:\/\/docs.idynamics.es<\/a><\/span><\/p>\n<p>&nbsp;<\/p>\n<p>&nbsp;<\/p>\n<p>[\/et_pb_text][\/et_pb_column][et_pb_column type=\u00bb1_2&#8243; module_class=\u00bbapp-description-col2&#8243; _builder_version=\u00bb4.16&#8243; custom_padding=\u00bb|||\u00bb global_colors_info=\u00bb{}\u00bb custom_padding__hover=\u00bb|||\u00bb][et_pb_text _builder_version=\u00bb4.16&#8243; custom_margin=\u00bb0px||0px\u00bb global_colors_info=\u00bb{}\u00bb]<\/p>\n<h1><strong>iDynamics Purchase Rebates<\/strong><\/h1>\n<p>[\/et_pb_text][et_pb_text _builder_version=\u00bb4.16&#8243; custom_margin=\u00bb||\u00bb global_colors_info=\u00bb{}\u00bb]Configura objetivos de r\u00e1pel para cada proveedor y prev\u00e9 el estado de los objetivos[\/et_pb_text][et_pb_text _builder_version=\u00bb4.16&#8243; custom_margin=\u00bb||\u00bb global_colors_info=\u00bb{}\u00bb]<em>\u00bfTienes objetivos de r\u00e1pel con tus proveedores? \u00bfNecesitas configurar estos objetivos seg\u00fan varios criterios (cantidad, importe, etc.) y obtener previsiones sobre su estado?<\/em>[\/et_pb_text][et_pb_text _builder_version=\u00bb4.16&#8243; text_font=\u00bb||||||||\u00bb text_font_size=\u00bb12px\u00bb global_colors_info=\u00bb{}\u00bb]<\/p>\n<p>Configura y haz\u00a0un seguimiento de los objetivos de r\u00e1pel,\u00a0ya sea por importes totales o unidades, de una manera sencilla.\u00a0<span style=\"font-size: 12px;\">Comprueba y verifica tambi\u00e9n en todo momento el estado de los objetivos fijados por los proveedores.<\/span><\/p>\n<h2><strong>Caracter\u00edsticas y beneficios<\/strong><\/h2>\n<ul>\n<li>Configura grupos de r\u00e1pel y per\u00edodos de r\u00e1pel para cada proveedor.<\/li>\n<li>Define objetivos de r\u00e1pel de compras seg\u00fan varios criterios (cantidad, importe)<\/li>\n<li>Obt\u00e9n pron\u00f3sticos sobre el estado de los objetivos establecidos para cada proveedor.<\/li>\n<li><span style=\"font-size: 12px;\">Obt\u00e9n informaci\u00f3n en tiempo real sobre el estado de los objetivos de r\u00e1pel.<\/span><\/li>\n<\/ul>\n<p>\u00a0\u00a1Comienza hoy mismo tu prueba gratuita y optimiza tus compras desde ya!<\/p>\n<p><strong>Inscr\u00edbete<\/strong> al universo iDynamics y conoce el resto de los productos adem\u00e1s de las novedades referentes a este.<\/p>\n<p>[\/et_pb_text][\/et_pb_column][et_pb_column type=\u00bb1_4&#8243; module_class=\u00bbapp-description-col3&#8243; _builder_version=\u00bb4.16&#8243; custom_padding=\u00bb|||\u00bb global_colors_info=\u00bb{}\u00bb custom_padding__hover=\u00bb|||\u00bb][et_pb_gallery gallery_ids=\u00bb2468,2472,2474,2470&#8243; fullwidth=\u00bbon\u00bb _builder_version=\u00bb4.16&#8243; global_colors_info=\u00bb{}\u00bb][\/et_pb_gallery][et_pb_text admin_label=\u00bbTexto\u00bb _builder_version=\u00bb4.16&#8243; saved_tabs=\u00bball\u00bb global_colors_info=\u00bb{}\u00bb]Si tiene alguna duda puede contactarnos a trav\u00e9s del siguiente <a href=\"\/es\/contacta-con-nosotros\/\"><strong>formulario<\/strong> <\/a>o a trav\u00e9s de <span style=\"color: #000000;\"><a href=\"mailto:support@idynamics.es\" style=\"color: #000000;\"><strong>support@idynamics.es<\/strong><\/a><\/span>[\/et_pb_text][et_pb_image src=\u00bbhttps:\/\/www.idynamics.es\/wp-content\/uploads\/2020\/12\/GetItFromAppSource.png\u00bb url=\u00bbhttps:\/\/appsource.microsoft.com\/es-es\/product\/dynamics-365-business-central\/PUBID.aitana_management_sl|AID.idynamics_purchase_rebates|PAPPID.1ed41783-d386-4cad-b913-bb555033a34d?tab=Overview\u00bb url_new_window=\u00bbon\u00bb align=\u00bbcenter\u00bb align_tablet=\u00bbcenter\u00bb align_phone=\u00bbcenter\u00bb align_last_edited=\u00bbon|desktop\u00bb _builder_version=\u00bb4.16&#8243; global_colors_info=\u00bb{}\u00bb][\/et_pb_image][et_pb_button button_url=\u00bbhttps:\/\/appsource.microsoft.com\/es-es\/product\/dynamics-365-business-central\/PUBID.aitana_management_sl|AID.idynamics_purchase_rebates|PAPPID.1ed41783-d386-4cad-b913-bb555033a34d?tab=Overview\u00bb url_new_window=\u00bbon\u00bb button_text=\u00bbInstalar\u00bb button_alignment=\u00bbcenter\u00bb disabled_on=\u00bboff|off|on\u00bb admin_label=\u00bbInstalar\u00bb _builder_version=\u00bb4.16&#8243; custom_button=\u00bbon\u00bb button_text_size=\u00bb14px\u00bb button_text_color=\u00bb#ffffff\u00bb button_border_width=\u00bb0px\u00bb button_border_radius=\u00bb0px\u00bb button_font=\u00bb||||||||\u00bb button_icon=\u00bb&#xe092;||divi||400&#8243; button_icon_color=\u00bb#ffffff\u00bb button_icon_placement=\u00bbleft\u00bb button_on_hover=\u00bboff\u00bb custom_margin=\u00bb||\u00bb custom_padding=\u00bb5px|36px||56px\u00bb custom_css_main_element=\u00bbwidth: 167px;||white-space: nowrap;||overflow: hidden;||text-overflow: ellipsis;\u00bb saved_tabs=\u00bball\u00bb global_colors_info=\u00bb{}\u00bb][\/et_pb_button][et_pb_button button_url=\u00bb\/es\/contacta-con-nosotros\/\u00bb url_new_window=\u00bbon\u00bb button_text=\u00bbComprar\u00bb button_alignment=\u00bbcenter\u00bb disabled_on=\u00bboff|off|on\u00bb admin_label=\u00bbComprar\u00bb _builder_version=\u00bb4.16&#8243; custom_button=\u00bbon\u00bb button_text_size=\u00bb14px\u00bb button_text_color=\u00bb#ffffff\u00bb button_border_width=\u00bb0px\u00bb button_border_radius=\u00bb0px\u00bb button_font=\u00bb|300|||||||\u00bb button_icon=\u00bb&#xe08a;||divi||400&#8243; button_icon_color=\u00bb#ffffff\u00bb button_icon_placement=\u00bbleft\u00bb button_on_hover=\u00bboff\u00bb custom_margin=\u00bb0px||\u00bb custom_padding=\u00bb5px|42px||60px\u00bb custom_css_main_element=\u00bbwidth: 167px;||white-space: nowrap;||overflow: hidden;||text-overflow: ellipsis;\u00bb saved_tabs=\u00bball\u00bb global_colors_info=\u00bb{}\u00bb][\/et_pb_button][et_pb_text disabled_on=\u00bboff|off|on\u00bb _builder_version=\u00bb4.16&#8243; text_font=\u00bb||||||||\u00bb text_font_size=\u00bb12px\u00bb global_colors_info=\u00bb{}\u00bb]<strong>Precios<\/strong><br \/>\nPrueba gratuita<br \/>\ndesde 43\u20ac \/ $55 mes<span style=\"font-size: x-small;\"><\/span><\/p>\n<p><strong>Versiones soportadas<\/strong><br \/>\nDynamics 365 Business Central<\/p>\n<p><strong>Documentaci\u00f3n<\/strong>:<br \/>\n<span><a href=\"https:\/\/docs.idynamics.es\/es\/purchaserebates\/index.html\" target=\"_blank\" rel=\"noopener noreferrer\">https:\/\/docs.idynamics.es<\/a><\/span><\/p>\n<p>&nbsp;<\/p>\n<p>&nbsp;[\/et_pb_text][\/et_pb_column][\/et_pb_row][\/et_pb_section]<\/p>\n","protected":false},"excerpt":{"rendered":"<p>PreciosPrueba gratuita$99 mes Versiones soportadasDynamics 365 Business Central Documentaci\u00f3n:https:\/\/docs.idynamics.es &nbsp; &nbsp;iDynamics Purchase RebatesConfigura objetivos de r\u00e1pel para cada proveedor y prev\u00e9 el estado de los objetivos\u00bfTienes objetivos de r\u00e1pel con tus proveedores? \u00bfNecesitas configurar estos objetivos seg\u00fan varios criterios (cantidad, importe, etc.) y obtener previsiones sobre su estado?Configura y haz\u00a0un seguimiento de los objetivos de [&hellip;]<\/p>\n","protected":false},"author":3,"featured_media":0,"parent":0,"menu_order":0,"comment_status":"closed","ping_status":"closed","template":"","meta":{"_et_pb_use_builder":"on","_et_pb_old_content":"","_et_gb_content_width":"","footnotes":""},"class_list":["post-437","page","type-page","status-publish","hentry"],"_links":{"self":[{"href":"https:\/\/www.idynamics.es\/es\/wp-json\/wp\/v2\/pages\/437","targetHints":{"allow":["GET"]}}],"collection":[{"href":"https:\/\/www.idynamics.es\/es\/wp-json\/wp\/v2\/pages"}],"about":[{"href":"https:\/\/www.idynamics.es\/es\/wp-json\/wp\/v2\/types\/page"}],"author":[{"embeddable":true,"href":"https:\/\/www.idynamics.es\/es\/wp-json\/wp\/v2\/users\/3"}],"replies":[{"embeddable":true,"href":"https:\/\/www.idynamics.es\/es\/wp-json\/wp\/v2\/comments?post=437"}],"version-history":[{"count":47,"href":"https:\/\/www.idynamics.es\/es\/wp-json\/wp\/v2\/pages\/437\/revisions"}],"predecessor-version":[{"id":6122,"href":"https:\/\/www.idynamics.es\/es\/wp-json\/wp\/v2\/pages\/437\/revisions\/6122"}],"wp:attachment":[{"href":"https:\/\/www.idynamics.es\/es\/wp-json\/wp\/v2\/media?parent=437"}],"curies":[{"name":"wp","href":"https:\/\/api.w.org\/{rel}","templated":true}]}}