{"id":445,"date":"2019-01-19T17:23:39","date_gmt":"2019-01-19T17:23:39","guid":{"rendered":"http:\/\/www.idynamics.es\/?page_id=445"},"modified":"2022-09-12T16:02:51","modified_gmt":"2022-09-12T14:02:51","slug":"sii","status":"publish","type":"page","link":"https:\/\/www.idynamics.es\/es\/sii\/","title":{"rendered":"iDynamics SII"},"content":{"rendered":"<p>[et_pb_section fb_built=\u00bb1&#8243; disabled_on=\u00bboff|off|off\u00bb _builder_version=\u00bb3.22&#8243; custom_padding=\u00bb5px|0px|54px|0px|false|false\u00bb global_colors_info=\u00bb{}\u00bb][et_pb_row column_structure=\u00bb1_4,1_2,1_4&#8243; use_custom_gutter=\u00bbon\u00bb gutter_width=\u00bb2&#8243; _builder_version=\u00bb3.25&#8243; global_colors_info=\u00bb{}\u00bb][et_pb_column type=\u00bb1_4&#8243; module_class=\u00bbapp-description-col1&#8243; _builder_version=\u00bb3.25&#8243; custom_padding=\u00bb|||\u00bb global_colors_info=\u00bb{}\u00bb custom_padding__hover=\u00bb|||\u00bb][et_pb_button button_url=\u00bbhttps:\/\/appsource.microsoft.com\/es-es\/product\/dynamics-365-business-central\/PUBID.aitana_management_sl%7CAID.idynamics_sii%7CPAPPID.d34dd5dc-42ae-4db4-94b1-5d02e57a0e0a?tab=Overview\u00bb url_new_window=\u00bbon\u00bb button_text=\u00bbInstalar\u00bb button_alignment=\u00bbcenter\u00bb admin_label=\u00bbInstalar\u00bb module_class=\u00bbboton_ficha_prod_escritorio\u00bb _builder_version=\u00bb4.14.2&#8243; custom_button=\u00bbon\u00bb button_text_size=\u00bb14px\u00bb button_text_color=\u00bb#ffffff\u00bb button_border_width=\u00bb0px\u00bb button_border_radius=\u00bb0px\u00bb button_font=\u00bb||||||||\u00bb button_icon=\u00bb&#xe092;||divi||400&#8243; button_icon_color=\u00bb#ffffff\u00bb button_icon_placement=\u00bbleft\u00bb button_on_hover=\u00bboff\u00bb custom_margin=\u00bb||\u00bb custom_padding=\u00bb|||\u00bb saved_tabs=\u00bball\u00bb global_colors_info=\u00bb{}\u00bb][\/et_pb_button][et_pb_button button_url=\u00bb\/es\/contacta-con-nosotros\/\u00bb url_new_window=\u00bbon\u00bb button_text=\u00bbContacta\u00bb button_alignment=\u00bbcenter\u00bb admin_label=\u00bbComprar\u00bb module_class=\u00bbboton_ficha_prod_escritorio\u00bb _builder_version=\u00bb4.14.2&#8243; custom_button=\u00bbon\u00bb button_text_size=\u00bb14px\u00bb button_text_color=\u00bb#ffffff\u00bb button_border_width=\u00bb0px\u00bb button_border_radius=\u00bb0px\u00bb button_font=\u00bb|300|||||||\u00bb button_icon=\u00bb&#xe08a;||divi||400&#8243; button_icon_color=\u00bb#ffffff\u00bb button_icon_placement=\u00bbleft\u00bb button_on_hover=\u00bboff\u00bb custom_margin=\u00bb0px||\u00bb custom_padding=\u00bb|||\u00bb saved_tabs=\u00bball\u00bb global_colors_info=\u00bb{}\u00bb][\/et_pb_button][et_pb_text _builder_version=\u00bb3.27.4&#8243; text_font=\u00bb||||||||\u00bb text_font_size=\u00bb12px\u00bb global_colors_info=\u00bb{}\u00bb]<strong>Precios<\/strong><br \/>\nPrueba gratuita<br \/>\n159 \u20ac\/mes<span style=\"font-size: x-small;\"><\/span><\/p>\n<p><strong>Versiones soportadas<\/strong><br \/>\nDynamics 365 Business Central<br \/>\nDynamics NAV<\/p>\n<p><strong>Documentaci\u00f3n<\/strong>:<br \/>\n<span><a href=\"https:\/\/docs.idynamics.es\/es\/sii\/index.html\" target=\"_blank\" rel=\"noopener noreferrer\">https:\/\/docs.idynamics.es<\/a><\/span>[\/et_pb_text][\/et_pb_column][et_pb_column type=\u00bb1_2&#8243; module_class=\u00bbapp-description-col2&#8243; _builder_version=\u00bb3.25&#8243; custom_padding=\u00bb|||\u00bb global_colors_info=\u00bb{}\u00bb custom_padding__hover=\u00bb|||\u00bb][et_pb_text _builder_version=\u00bb3.27.4&#8243; custom_margin=\u00bb0px||0px\u00bb global_colors_info=\u00bb{}\u00bb]<\/p>\n<h1><strong>iDynamics SII<\/strong><\/h1>\n<p>[\/et_pb_text][et_pb_text _builder_version=\u00bb3.27.4&#8243; custom_margin=\u00bb||\u00bb global_colors_info=\u00bb{}\u00bb]Cumple con la presentaci\u00f3n del IVA directamente desde tu software de gesti\u00f3n.&nbsp;[\/et_pb_text][et_pb_text _builder_version=\u00bb4.14.2&#8243; custom_margin=\u00bb||\u00bb global_colors_info=\u00bb{}\u00bb]<\/p>\n<p><em>\u00bfLa integraci\u00f3n SII est\u00e1ndar de Microsoft Dynamics 365 Business Central no cubre todas tus necesidades?\u00a0\u00bfTe gustar\u00eda verificar si existen discrepancias entre lo que enviaste y lo que el acreedor\/deudor inform\u00f3 a la AEAT?<\/em><\/p>\n<p>[\/et_pb_text][et_pb_text _builder_version=\u00bb4.14.2&#8243; text_font=\u00bb||||||||\u00bb text_font_size=\u00bb12px\u00bb global_colors_info=\u00bb{}\u00bb]<\/p>\n<p>Mejora notablemente las funcionalidades que ofrece Business Central para conectarse al servicio de Suministro Inmediato de Informaci\u00f3n (SII) del IVA requerido por las agencias tributarias de Espa\u00f1a, Navarra, Pa\u00eds Vasco e Islas Canarias.<\/p>\n<p>Es la soluci\u00f3n perfecta para aquellos clientes que no est\u00e1n cubiertos por la funcionalidad est\u00e1ndar incluida en Dynamics 365 Business Central, o que desean una herramienta que les proporcione m\u00e1s flexibilidad e informaci\u00f3n sobre los datos que se est\u00e1 enviando o que se ha almacenado en la Agencia Tributaria.<\/p>\n<h2><strong>Caracter\u00edsticas y beneficios<\/strong><\/h2>\n<ul>\n<li><span style=\"font-size: 12px;\">Soporta todos los <a href=\"https:\/\/docs.idynamics.es\/es\/sii\/messages\/index.html\">tipos de mensaje<\/a> que ofrece el servicio SII de la AEAT, incluidos, entre otros, informaci\u00f3n relacionada con alquileres, operaciones de agencias de viajes y de seguros, bienes en consigna y bienes de inversi\u00f3n.<\/span><\/li>\n<li><span style=\"font-size: 12px;\">Permite revisar y editar la informaci\u00f3n que se env\u00eda al servicio SII.<\/span><\/li>\n<li>Validaci\u00f3n de NIFs de clientes y proveedores espa\u00f1oles en la AEAT.<\/li>\n<li>Las facturas se pueden notificar a las diferentes agencias tributarias espa\u00f1olas, en funci\u00f3n de los grupos de registro de IVA.<\/li>\n<li>Consulta la informaci\u00f3n que tiene la agencia tributaria sobre tu empresa, independientemente de si ha sido enviada desde Dynamics 365 Business Central, desde una aplicaci\u00f3n diferente, o ingresada manualmente a trav\u00e9s del portal de la agencia tributaria.<\/li>\n<li>Si hubo alg\u00fan error en la informaci\u00f3n enviada, crea f\u00e1cilmente solicitudes de actualizaci\u00f3n con los datos correctos.<\/li>\n<li>Soporta las particularidades relacionadas con el servicio IGIC del SII de Canarias.<\/li>\n<li>Soporta todas las operaciones de r\u00e9gimen especial, incluyendo la clave 17 de ventas por internet (Ventanilla \u00fanica &#8211; OSS)<\/li>\n<\/ul>\n<p>\u00a1<a href=\"https:\/\/appsource.microsoft.com\/es-es\/product\/dynamics-365-business-central\/PUBID.aitana_management_sl%7CAID.idynamics_sii%7CPAPPID.d34dd5dc-42ae-4db4-94b1-5d02e57a0e0a?tab=Overview\">Prueba<\/a> ya la aplicaci\u00f3n iDynamics SII y aprovecha las facilidades de personalizaci\u00f3n y gesti\u00f3n de env\u00edos que se a\u00f1aden a tu Business Central!<\/p>\n<p>[\/et_pb_text][\/et_pb_column][et_pb_column type=\u00bb1_4&#8243; module_class=\u00bbapp-description-col3&#8243; _builder_version=\u00bb3.25&#8243; custom_padding=\u00bb|||\u00bb global_colors_info=\u00bb{}\u00bb custom_padding__hover=\u00bb|||\u00bb][et_pb_gallery gallery_ids=\u00bb1618,1616,1614,1612&#8243; fullwidth=\u00bbon\u00bb _builder_version=\u00bb3.18.6&#8243; global_colors_info=\u00bb{}\u00bb][\/et_pb_gallery][et_pb_text admin_label=\u00bbTexto\u00bb _builder_version=\u00bb3.27.4&#8243; saved_tabs=\u00bball\u00bb global_colors_info=\u00bb{}\u00bb]Si tiene alguna duda puede contactarnos a trav\u00e9s del siguiente <a href=\"\/es\/contacta-con-nosotros\/\"><strong>formulario<\/strong> <\/a>o a trav\u00e9s de <span style=\"color: #000000;\"><a href=\"mailto:support@idynamics.es\" style=\"color: #000000;\"><strong>support@idynamics.es<\/strong><\/a><\/span>[\/et_pb_text][et_pb_image src=\u00bbhttps:\/\/www.idynamics.es\/wp-content\/uploads\/2020\/12\/GetItFromAppSource.png\u00bb url=\u00bbhttps:\/\/appsource.microsoft.com\/es-es\/product\/dynamics-365-business-central\/PUBID.aitana_management_sl%7CAID.idynamics_sii%7CPAPPID.d34dd5dc-42ae-4db4-94b1-5d02e57a0e0a?tab=Overview\u00bb url_new_window=\u00bbon\u00bb align=\u00bbcenter\u00bb align_tablet=\u00bbcenter\u00bb align_phone=\u00bbcenter\u00bb align_last_edited=\u00bbon|desktop\u00bb _builder_version=\u00bb3.23&#8243; global_colors_info=\u00bb{}\u00bb][\/et_pb_image][et_pb_button button_url=\u00bbhttps:\/\/appsource.microsoft.com\/es-es\/product\/dynamics-365-business-central\/PUBID.aitana_management_sl%7CAID.idynamics_sii%7CPAPPID.d34dd5dc-42ae-4db4-94b1-5d02e57a0e0a?tab=Overview\u00bb url_new_window=\u00bbon\u00bb button_text=\u00bbInstalar\u00bb button_alignment=\u00bbcenter\u00bb disabled_on=\u00bboff|off|on\u00bb admin_label=\u00bbInstalar\u00bb _builder_version=\u00bb4.14.2&#8243; custom_button=\u00bbon\u00bb button_text_size=\u00bb14px\u00bb button_text_color=\u00bb#ffffff\u00bb button_border_width=\u00bb0px\u00bb button_border_radius=\u00bb0px\u00bb button_font=\u00bb||||||||\u00bb button_icon=\u00bb&#xe092;||divi||400&#8243; button_icon_color=\u00bb#ffffff\u00bb button_icon_placement=\u00bbleft\u00bb button_on_hover=\u00bboff\u00bb custom_margin=\u00bb||\u00bb custom_padding=\u00bb5px|36px||56px\u00bb custom_css_main_element=\u00bbwidth: 167px;||white-space: nowrap;||overflow: hidden;||text-overflow: ellipsis;\u00bb saved_tabs=\u00bball\u00bb global_colors_info=\u00bb{}\u00bb][\/et_pb_button][et_pb_button button_url=\u00bb\/es\/contacta-con-nosotros\/\u00bb url_new_window=\u00bbon\u00bb button_text=\u00bbContacta\u00bb button_alignment=\u00bbcenter\u00bb disabled_on=\u00bboff|off|on\u00bb admin_label=\u00bbComprar\u00bb _builder_version=\u00bb4.14.2&#8243; custom_button=\u00bbon\u00bb button_text_size=\u00bb14px\u00bb button_text_color=\u00bb#ffffff\u00bb button_border_width=\u00bb0px\u00bb button_border_radius=\u00bb0px\u00bb button_font=\u00bb|300|||||||\u00bb button_icon=\u00bb&#xe08a;||divi||400&#8243; button_icon_color=\u00bb#ffffff\u00bb button_icon_placement=\u00bbleft\u00bb button_on_hover=\u00bboff\u00bb custom_margin=\u00bb0px||\u00bb custom_padding=\u00bb5px|42px||60px\u00bb custom_css_main_element=\u00bbwidth: 167px;||white-space: nowrap;||overflow: hidden;||text-overflow: ellipsis;\u00bb saved_tabs=\u00bball\u00bb global_colors_info=\u00bb{}\u00bb][\/et_pb_button][et_pb_text disabled_on=\u00bboff|off|on\u00bb _builder_version=\u00bb3.27.4&#8243; text_font=\u00bb||||||||\u00bb text_font_size=\u00bb12px\u00bb global_colors_info=\u00bb{}\u00bb]<strong>Precios<\/strong><br \/>\nPrueba gratuita<br \/>\n159 \u20ac\/mes<span style=\"font-size: x-small;\"><\/span><\/p>\n<p><strong>Versiones soportadas<\/strong><br \/>\nDynamics 365 Business Central<br \/>\nDynamics NAV<\/p>\n<p><strong>Documentaci\u00f3n<\/strong>:<br \/>\n<span><a href=\"https:\/\/docs.idynamics.es\/es\/sii\/index.html\" target=\"_blank\" rel=\"noopener noreferrer\">https:\/\/docs.idynamics.es<\/a><\/span>[\/et_pb_text][\/et_pb_column][\/et_pb_row][\/et_pb_section]<\/p>\n","protected":false},"excerpt":{"rendered":"<p>Precios Prueba gratuita 159 \u20ac\/mes Versiones soportadas Dynamics 365 Business Central Dynamics NAV Documentaci\u00f3n: https:\/\/docs.idynamics.esiDynamics SIICumple con la presentaci\u00f3n del IVA directamente desde tu software de gesti\u00f3n.&nbsp;\u00bfLa integraci\u00f3n SII est\u00e1ndar de Microsoft Dynamics 365 Business Central no cubre todas tus necesidades?\u00a0\u00bfTe gustar\u00eda verificar si existen discrepancias entre lo que enviaste y lo que el acreedor\/deudor [&hellip;]<\/p>\n","protected":false},"author":3,"featured_media":0,"parent":0,"menu_order":0,"comment_status":"closed","ping_status":"closed","template":"","meta":{"_et_pb_use_builder":"on","_et_pb_old_content":"","_et_gb_content_width":"","footnotes":""},"class_list":["post-445","page","type-page","status-publish","hentry"],"_links":{"self":[{"href":"https:\/\/www.idynamics.es\/es\/wp-json\/wp\/v2\/pages\/445","targetHints":{"allow":["GET"]}}],"collection":[{"href":"https:\/\/www.idynamics.es\/es\/wp-json\/wp\/v2\/pages"}],"about":[{"href":"https:\/\/www.idynamics.es\/es\/wp-json\/wp\/v2\/types\/page"}],"author":[{"embeddable":true,"href":"https:\/\/www.idynamics.es\/es\/wp-json\/wp\/v2\/users\/3"}],"replies":[{"embeddable":true,"href":"https:\/\/www.idynamics.es\/es\/wp-json\/wp\/v2\/comments?post=445"}],"version-history":[{"count":37,"href":"https:\/\/www.idynamics.es\/es\/wp-json\/wp\/v2\/pages\/445\/revisions"}],"predecessor-version":[{"id":4808,"href":"https:\/\/www.idynamics.es\/es\/wp-json\/wp\/v2\/pages\/445\/revisions\/4808"}],"wp:attachment":[{"href":"https:\/\/www.idynamics.es\/es\/wp-json\/wp\/v2\/media?parent=445"}],"curies":[{"name":"wp","href":"https:\/\/api.w.org\/{rel}","templated":true}]}}