{"id":9738,"date":"2026-01-23T10:14:43","date_gmt":"2026-01-23T09:14:43","guid":{"rendered":"https:\/\/www.idynamics.es\/?page_id=9738"},"modified":"2026-01-23T12:21:34","modified_gmt":"2026-01-23T11:21:34","slug":"ayuda-internacionalizacion-2025","status":"publish","type":"page","link":"https:\/\/www.idynamics.es\/es\/ayuda-internacionalizacion-2025\/","title":{"rendered":"Ayuda Internacionalizaci\u00f3n 2025"},"content":{"rendered":"<p>[et_pb_section fb_built=\u00bb1&#8243; custom_padding_last_edited=\u00bbon|phone\u00bb next_background_color=\u00bb#ffffff\u00bb admin_label=\u00bbHeader\u00bb _builder_version=\u00bb4.27.5&#8243; _module_preset=\u00bbdefault\u00bb background_color=\u00bb#FFFFFF\u00bb use_background_color_gradient=\u00bbon\u00bb background_color_gradient_direction=\u00bb105deg\u00bb background_color_gradient_stops=\u00bb#820e0e 0%|rgba(43,43,43,0.55) 70%|rgba(97,96,95,0.29) 92%|rgba(242,240,235,0) 100%\u00bb background_image=\u00bbhttps:\/\/www.idynamics.es\/wp-content\/uploads\/2025\/09\/slide-commissions-business-central-management.webp\u00bb parallax=\u00bbon\u00bb custom_margin=\u00bb||||false|false\u00bb custom_margin_tablet=\u00bb||||false|false\u00bb custom_margin_phone=\u00bb||||false|false\u00bb custom_margin_last_edited=\u00bbon|desktop\u00bb custom_padding=\u00bb0vw||8vw||false|false\u00bb custom_padding_tablet=\u00bb10vw||||false|false\u00bb custom_padding_phone=\u00bb10vw||||false|false\u00bb bottom_divider_style=\u00bbramp2&#8243; border_radii=\u00bboff|||3vw|3vw\u00bb locked=\u00bboff\u00bb collapsed=\u00bboff\u00bb global_colors_info=\u00bb{}\u00bb][et_pb_row _builder_version=\u00bb4.27.4&#8243; _module_preset=\u00bbdefault\u00bb width=\u00bb77%\u00bb custom_margin=\u00bb||||false|false\u00bb custom_padding=\u00bb20px||0px||false|false\u00bb locked=\u00bboff\u00bb global_colors_info=\u00bb{}\u00bb][et_pb_column type=\u00bb4_4&#8243; _builder_version=\u00bb4.21.0&#8243; _module_preset=\u00bbdefault\u00bb custom_padding=\u00bb8vw||||false|false\u00bb custom_padding_tablet=\u00bb0vw||||false|false\u00bb custom_padding_phone=\u00bb0vw||||false|false\u00bb custom_padding_last_edited=\u00bbon|tablet\u00bb global_colors_info=\u00bb{}\u00bb][et_pb_text _builder_version=\u00bb4.27.5&#8243; _module_preset=\u00bbdefault\u00bb header_font=\u00bb|600|||||||\u00bb header_font_size=\u00bb35px\u00bb custom_margin=\u00bb||||false|false\u00bb custom_padding=\u00bb|14px|||false|false\u00bb header_font_size_tablet=\u00bb45px\u00bb header_font_size_phone=\u00bb30px\u00bb header_font_size_last_edited=\u00bbon|phone\u00bb global_colors_info=\u00bb{}\u00bb]<\/p>\n<h1 style=\"text-align: center;\"><span style=\"color: #ffffff;\">AYUDAS AL IMPULSO A LA INTERNACIONALIZACI\u00d3N DE PYMES EXPORTADORAS DE LA COMUNITAT VALENCIANA 2025<\/span><\/h1>\n<p>[\/et_pb_text][\/et_pb_column][\/et_pb_row][\/et_pb_section][et_pb_section fb_built=\u00bb1&#8243; _builder_version=\u00bb4.27.5&#8243; custom_padding=\u00bb34px|||||\u00bb global_colors_info=\u00bb{}\u00bb][et_pb_row _builder_version=\u00bb4.27.5&#8243; max_width=\u00bb1000px\u00bb custom_padding=\u00bb4px|||||\u00bb global_colors_info=\u00bb{}\u00bb][et_pb_column type=\u00bb4_4&#8243; _builder_version=\u00bb4.16&#8243; custom_padding=\u00bb|||\u00bb global_colors_info=\u00bb{}\u00bb custom_padding__hover=\u00bb|||\u00bb][et_pb_image src=\u00bbhttps:\/\/www.idynamics.es\/wp-content\/uploads\/2026\/01\/ayudas-internacionalizacion-2025-comunitat-valenciana.webp\u00bb alt=\u00bbayudas-internacionalizacion-2025-comunitat-valenciana\u00bb title_text=\u00bbayudas-internacionalizacion-2025-comunitat-valenciana\u00bb _builder_version=\u00bb4.27.5&#8243; _module_preset=\u00bbdefault\u00bb width=\u00bb57%\u00bb width_tablet=\u00bb57%\u00bb width_phone=\u00bb100%\u00bb width_last_edited=\u00bbon|phone\u00bb custom_padding=\u00bb|50px||50px|false|false\u00bb global_colors_info=\u00bb{}\u00bb][\/et_pb_image][et_pb_text _builder_version=\u00bb4.27.5&#8243; custom_padding=\u00bb|50px||50px|false|false\u00bb custom_padding_tablet=\u00bb|50px||50px|false|false\u00bb custom_padding_phone=\u00bb|10px||10px|false|false\u00bb custom_padding_last_edited=\u00bbon|phone\u00bb global_colors_info=\u00bb{}\u00bb]<\/p>\n<h3><strong>AYUDAS AL IMPULSO A LA INTERNACIONALIZACI\u00d3N DE PYMES EXPORTADORAS DE LA COMUNITAT VALENCIANA 2025<\/strong><\/h3>\n<p><strong>Importe recibido:<\/strong> 24.235,92 \u20ac<br \/><strong>Entidad beneficiaria:<\/strong> <strong>AITANA MANAGEMENT, S.L.U.<\/strong><br \/><strong>N\u00famero de expediente:<\/strong> <strong>INTPRM\/2025\/550<\/strong><\/p>\n<p><strong>AITANA MANAGEMENT, S.L.U.<\/strong> ha sido beneficiaria de las <strong>Ayudas al Impulso a la Internacionalizaci\u00f3n de Pymes Exportadoras de la Comunitat Valenciana 2025<\/strong>, concedidas por la Generalitat Valenciana para apoyar las actividades de promoci\u00f3n internacional realizadas durante el a\u00f1o 2025.<\/p>\n<p>Estas ayudas tienen como objetivo reforzar la presencia internacional de las pymes exportadoras valencianas mediante acciones que contribuyan al crecimiento y consolidaci\u00f3n en mercados exteriores.<\/p>\n<p>[\/et_pb_text][et_pb_divider _builder_version=\u00bb4.27.5&#8243; _module_preset=\u00bbdefault\u00bb width=\u00bb100%\u00bb custom_padding=\u00bb|50px||50px|false|false\u00bb custom_padding_tablet=\u00bb|50px||50px|false|false\u00bb custom_padding_phone=\u00bb|10px||10px|false|false\u00bb custom_padding_last_edited=\u00bbon|phone\u00bb global_colors_info=\u00bb{}\u00bb][\/et_pb_divider][et_pb_image src=\u00bbhttps:\/\/www.idynamics.es\/wp-content\/uploads\/2026\/01\/ajudes-internacionalitzacio-comunitat-valenciana-2025.webp\u00bb alt=\u00bbajudes-internacionalitzacio-comunitat-valenciana-2025&#8243; title_text=\u00bbajudes-internacionalitzacio-comunitat-valenciana-2025&#8243; _builder_version=\u00bb4.27.5&#8243; _module_preset=\u00bbdefault\u00bb width=\u00bb57%\u00bb width_tablet=\u00bb57%\u00bb width_phone=\u00bb100%\u00bb width_last_edited=\u00bbon|phone\u00bb custom_padding=\u00bb|50px||50px|false|false\u00bb global_colors_info=\u00bb{}\u00bb][\/et_pb_image][et_pb_text _builder_version=\u00bb4.27.5&#8243; custom_padding=\u00bb|50px||50px|false|false\u00bb custom_padding_tablet=\u00bb|50px||50px|false|false\u00bb custom_padding_phone=\u00bb|10px||10px|false|false\u00bb custom_padding_last_edited=\u00bbon|phone\u00bb global_colors_info=\u00bb{}\u00bb]<\/p>\n<h3><strong>AJUDES A L\u2019IMPULS A L\u2019INTERNACIONALITZACI\u00d3 DE PIMES EXPORTADORES DE LA COMUNITAT VALENCIANA 2025<\/strong><\/h3>\n<p><strong>Import rebut:<\/strong> 24.235,92 \u20ac<br \/><strong>Entitat benefici\u00e0ria:<\/strong> <strong>AITANA MANAGEMENT, S.L.U.<\/strong><br \/><strong>N\u00famero d\u2019expedient:<\/strong> <strong>INTPRM\/2025\/550<\/strong><\/p>\n<p><strong>AITANA MANAGEMENT, S.L.U.<\/strong> ha sigut benefici\u00e0ria de les <strong>Ajudes a l\u2019impuls a la internacionalitzaci\u00f3 de pimes exportadores de la Comunitat Valenciana 2025<\/strong>, concedides per la Generalitat Valenciana per a donar suport a les activitats de promoci\u00f3 internacional realitzades durant l\u2019any 2025.<\/p>\n<p>Este programa t\u00e9 com a finalitat refor\u00e7ar la pres\u00e8ncia internacional de les pimes exportadores valencianes mitjan\u00e7ant accions que contribu\u00efsquen al seu creixement i consolidaci\u00f3 en mercats exteriors.<\/p>\n<p>[\/et_pb_text][\/et_pb_column][\/et_pb_row][\/et_pb_section]<\/p>\n","protected":false},"excerpt":{"rendered":"<p>AYUDAS AL IMPULSO A LA INTERNACIONALIZACI\u00d3N DE PYMES EXPORTADORAS DE LA COMUNITAT VALENCIANA 2025AYUDAS AL IMPULSO A LA INTERNACIONALIZACI\u00d3N DE PYMES EXPORTADORAS DE LA COMUNITAT VALENCIANA 2025 Importe recibido: 24.235,92 \u20acEntidad beneficiaria: AITANA MANAGEMENT, S.L.U.N\u00famero de expediente: INTPRM\/2025\/550 AITANA MANAGEMENT, S.L.U. ha sido beneficiaria de las Ayudas al Impulso a la Internacionalizaci\u00f3n de Pymes Exportadoras [&hellip;]<\/p>\n","protected":false},"author":19,"featured_media":0,"parent":0,"menu_order":0,"comment_status":"closed","ping_status":"closed","template":"","meta":{"_et_pb_use_builder":"on","_et_pb_old_content":"","_et_gb_content_width":"","footnotes":""},"class_list":["post-9738","page","type-page","status-publish","hentry"],"_links":{"self":[{"href":"https:\/\/www.idynamics.es\/es\/wp-json\/wp\/v2\/pages\/9738","targetHints":{"allow":["GET"]}}],"collection":[{"href":"https:\/\/www.idynamics.es\/es\/wp-json\/wp\/v2\/pages"}],"about":[{"href":"https:\/\/www.idynamics.es\/es\/wp-json\/wp\/v2\/types\/page"}],"author":[{"embeddable":true,"href":"https:\/\/www.idynamics.es\/es\/wp-json\/wp\/v2\/users\/19"}],"replies":[{"embeddable":true,"href":"https:\/\/www.idynamics.es\/es\/wp-json\/wp\/v2\/comments?post=9738"}],"version-history":[{"count":6,"href":"https:\/\/www.idynamics.es\/es\/wp-json\/wp\/v2\/pages\/9738\/revisions"}],"predecessor-version":[{"id":9748,"href":"https:\/\/www.idynamics.es\/es\/wp-json\/wp\/v2\/pages\/9738\/revisions\/9748"}],"wp:attachment":[{"href":"https:\/\/www.idynamics.es\/es\/wp-json\/wp\/v2\/media?parent=9738"}],"curies":[{"name":"wp","href":"https:\/\/api.w.org\/{rel}","templated":true}]}}