{"id":9805,"date":"2026-02-03T11:42:32","date_gmt":"2026-02-03T10:42:32","guid":{"rendered":"https:\/\/www.idynamics.es\/?page_id=9805"},"modified":"2026-02-03T11:42:32","modified_gmt":"2026-02-03T10:42:32","slug":"idynamics-sectores","status":"publish","type":"page","link":"https:\/\/www.idynamics.es\/es\/idynamics-sectores\/","title":{"rendered":"Soluciones iDynamics para Sectores"},"content":{"rendered":"<p>[et_pb_section fb_built=\u00bb1&#8243; admin_label=\u00bbsection\u00bb _builder_version=\u00bb4.27.4&#8243; background_color=\u00bb#e4e4eb\u00bb use_background_color_gradient=\u00bbon\u00bb background_color_gradient_direction=\u00bb173deg\u00bb background_color_gradient_stops=\u00bbrgba(255,255,255,0) 0%|rgba(137, 137, 137, 0.48) 48%|#0a0a0a 100%\u00bb background_enable_image=\u00bboff\u00bb overflow-x=\u00bbhidden\u00bb overflow-y=\u00bbhidden\u00bb custom_margin=\u00bb||70px||false|false\u00bb custom_padding=\u00bb72px||50px||false|false\u00bb border_radii=\u00bboff|||100px|100px\u00bb locked=\u00bboff\u00bb global_colors_info=\u00bb{}\u00bb][et_pb_row _builder_version=\u00bb4.27.4&#8243; _module_preset=\u00bbdefault\u00bb global_colors_info=\u00bb{}\u00bb][et_pb_column type=\u00bb4_4&#8243; _builder_version=\u00bb4.27.4&#8243; _module_preset=\u00bbdefault\u00bb global_colors_info=\u00bb{}\u00bb][et_pb_text _builder_version=\u00bb4.27.5&#8243; header_font=\u00bb||||||||\u00bb header_text_align=\u00bbright\u00bb header_font_size=\u00bb40px\u00bb custom_margin=\u00bb||0px||false|false\u00bb custom_margin_tablet=\u00bb|0px|0px||false|false\u00bb custom_margin_phone=\u00bb|10px||10px|false|false\u00bb custom_margin_last_edited=\u00bbon|phone\u00bb custom_padding=\u00bb||0px||false|false\u00bb hover_enabled=\u00bb0&#8243; header_font_size_tablet=\u00bb40px\u00bb header_font_size_phone=\u00bb30px\u00bb header_font_size_last_edited=\u00bbon|phone\u00bb global_colors_info=\u00bb{}\u00bb sticky_enabled=\u00bb0&#8243;]<\/p>\n<p>&nbsp;<\/p>\n<h1 style=\"text-align: center;\"><strong>iDynamics<\/strong> para <strong>Sectores<\/strong>: Soluciones integradas en <strong>Business Central<\/strong><\/h1>\n<p>&nbsp;<\/p>\n<p>[\/et_pb_text][\/et_pb_column][\/et_pb_row][et_pb_row column_structure=\u00bb1_5,1_5,1_5,1_5,1_5&#8243; use_custom_gutter=\u00bbon\u00bb gutter_width=\u00bb2&#8243; make_equal=\u00bbon\u00bb _builder_version=\u00bb4.27.5&#8243; _module_preset=\u00bbdefault\u00bb hover_enabled=\u00bb0&#8243; global_colors_info=\u00bb{}\u00bb locked=\u00bboff\u00bb max_width=\u00bb1800px\u00bb sticky_enabled=\u00bb0&#8243;][et_pb_column type=\u00bb1_5&#8243; _builder_version=\u00bb4.27.4&#8243; _module_preset=\u00bbdefault\u00bb use_background_color_gradient=\u00bbon\u00bb background_color_gradient_direction=\u00bb105deg\u00bb background_color_gradient_stops=\u00bb#0a0202 0%|rgba(41,196,169,0) 100%\u00bb background_color_gradient_overlays_image=\u00bbon\u00bb background_image=\u00bbhttps:\/\/www.idynamics.es\/wp-content\/uploads\/2025\/09\/manufacturing-industrial-sector-idynamics.webp\u00bb parallax=\u00bbon\u00bb background_blend=\u00bbdarken\u00bb custom_padding=\u00bb20px|20px|20px|20px|true|true\u00bb global_colors_info=\u00bb{}\u00bb background__hover_enabled=\u00bboff|hover\u00bb use_background_color_gradient__hover=\u00bbon\u00bb background_color_gradient_stops__hover=\u00bb#ff5b33 0%|rgba(41,196,169,0) 100%\u00bb][et_pb_text _builder_version=\u00bb4.27.5&#8243; _module_preset=\u00bbdefault\u00bb header_3_font_size=\u00bb26px\u00bb custom_margin=\u00bb54px||10px||false|false\u00bb hover_enabled=\u00bb0&#8243; global_colors_info=\u00bb{}\u00bb sticky_enabled=\u00bb0&#8243;]<\/p>\n<h3 style=\"text-align: left;\"><span style=\"color: #ffffff;\">Sector <br \/>Industrial<\/span><\/h3>\n<p>[\/et_pb_text][et_pb_icon font_icon=\u00bb&#x24;||divi||400&#8243; icon_color=\u00bb#ffffff\u00bb align=\u00bbleft\u00bb _builder_version=\u00bb4.27.4&#8243; _module_preset=\u00bbdefault\u00bb custom_margin=\u00bb||0px||false|false\u00bb custom_padding=\u00bb30px||30px||false|false\u00bb global_colors_info=\u00bb{}\u00bb custom_padding_tablet=\u00bb0px||0px||false|false\u00bb custom_padding_phone=\u00bb0px||0px||false|false\u00bb custom_padding_last_edited=\u00bbon|phone\u00bb][\/et_pb_icon][et_pb_button button_url=\u00bbhttps:\/\/www.idynamics.es\/es\/sector-industrial\/\u00bb url_new_window=\u00bbon\u00bb button_text=\u00bbM\u00e1s\u00bb button_alignment=\u00bbleft\u00bb button_alignment_tablet=\u00bbcenter\u00bb button_alignment_phone=\u00bbcenter\u00bb button_alignment_last_edited=\u00bbon|phone\u00bb _builder_version=\u00bb4.27.4&#8243; _module_preset=\u00bbdefault\u00bb custom_button=\u00bbon\u00bb button_text_size=\u00bb20px\u00bb button_text_color=\u00bb#FFFFFF\u00bb button_bg_color=\u00bb#d81233&#8243; button_bg_use_color_gradient=\u00bbon\u00bb button_bg_color_gradient_stops=\u00bb#d81233 33%|#990a24 100%\u00bb button_border_width=\u00bb0px\u00bb button_border_color=\u00bbRGBA(255,255,255,0)\u00bb button_border_radius=\u00bb50px\u00bb button_letter_spacing=\u00bb3px\u00bb button_font=\u00bb|600|||||||\u00bb button_icon=\u00bb&#x35;||divi||400&#8243; background_layout=\u00bbdark\u00bb custom_margin=\u00bb||10px|||\u00bb custom_padding=\u00bb10px|40px|10px|40px|false|true\u00bb button_text_size_tablet=\u00bb20px\u00bb button_text_size_phone=\u00bb15px\u00bb button_text_size_last_edited=\u00bbon|desktop\u00bb locked=\u00bboff\u00bb global_colors_info=\u00bb{}\u00bb][\/et_pb_button][\/et_pb_column][et_pb_column type=\u00bb1_5&#8243; _builder_version=\u00bb4.27.4&#8243; _module_preset=\u00bbdefault\u00bb use_background_color_gradient=\u00bbon\u00bb background_color_gradient_direction=\u00bb105deg\u00bb background_color_gradient_stops=\u00bb#0a0202 0%|rgba(41,196,169,0) 100%\u00bb background_color_gradient_overlays_image=\u00bbon\u00bb background_image=\u00bbhttps:\/\/www.idynamics.es\/wp-content\/uploads\/2025\/09\/wholesale-distribution-trade-sector-idynamics.webp\u00bb parallax=\u00bbon\u00bb background_blend=\u00bbdarken\u00bb custom_padding=\u00bb20px|20px|20px|20px|true|true\u00bb global_colors_info=\u00bb{}\u00bb][et_pb_text _builder_version=\u00bb4.27.4&#8243; _module_preset=\u00bbdefault\u00bb header_3_font_size=\u00bb26px\u00bb custom_margin=\u00bb30px||10px||false|false\u00bb global_colors_info=\u00bb{}\u00bb]<\/p>\n<h3 style=\"text-align: left;\"><span style=\"color: #ffffff;\">Sector Mayorista y de Distribuci\u00f3n<\/span><\/h3>\n<p>[\/et_pb_text][et_pb_icon font_icon=\u00bb&#x24;||divi||400&#8243; icon_color=\u00bb#ffffff\u00bb align=\u00bbleft\u00bb _builder_version=\u00bb4.27.4&#8243; _module_preset=\u00bbdefault\u00bb custom_margin=\u00bb||0px||false|false\u00bb custom_padding=\u00bb30px||30px||false|false\u00bb global_colors_info=\u00bb{}\u00bb custom_padding_tablet=\u00bb0px||0px||false|false\u00bb custom_padding_phone=\u00bb0px||0px||false|false\u00bb custom_padding_last_edited=\u00bbon|phone\u00bb][\/et_pb_icon][et_pb_button button_url=\u00bbhttps:\/\/www.idynamics.es\/es\/sector-mayorista-distribucion\/\u00bb url_new_window=\u00bbon\u00bb button_text=\u00bbM\u00e1s\u00bb button_alignment=\u00bbleft\u00bb button_alignment_tablet=\u00bbcenter\u00bb button_alignment_phone=\u00bbcenter\u00bb button_alignment_last_edited=\u00bbon|phone\u00bb _builder_version=\u00bb4.27.4&#8243; _module_preset=\u00bbdefault\u00bb custom_button=\u00bbon\u00bb button_text_size=\u00bb20px\u00bb button_text_color=\u00bb#FFFFFF\u00bb button_bg_color=\u00bb#d81233&#8243; button_bg_use_color_gradient=\u00bbon\u00bb button_bg_color_gradient_stops=\u00bb#d81233 33%|#990a24 100%\u00bb button_border_width=\u00bb0px\u00bb button_border_color=\u00bbRGBA(255,255,255,0)\u00bb button_border_radius=\u00bb50px\u00bb button_letter_spacing=\u00bb3px\u00bb button_font=\u00bb|600|||||||\u00bb button_icon=\u00bb&#x35;||divi||400&#8243; background_layout=\u00bbdark\u00bb custom_margin=\u00bb||10px|||\u00bb custom_padding=\u00bb10px|40px|10px|40px|false|true\u00bb button_text_size_tablet=\u00bb20px\u00bb button_text_size_phone=\u00bb15px\u00bb button_text_size_last_edited=\u00bbon|desktop\u00bb locked=\u00bboff\u00bb global_colors_info=\u00bb{}\u00bb][\/et_pb_button][\/et_pb_column][et_pb_column type=\u00bb1_5&#8243; _builder_version=\u00bb4.27.4&#8243; _module_preset=\u00bbdefault\u00bb use_background_color_gradient=\u00bbon\u00bb background_color_gradient_direction=\u00bb105deg\u00bb background_color_gradient_stops=\u00bb#0a0202 0%|rgba(41,196,169,0) 100%\u00bb background_color_gradient_overlays_image=\u00bbon\u00bb background_image=\u00bbhttps:\/\/www.idynamics.es\/wp-content\/uploads\/2025\/09\/consumer-product-retail-sector-idynamics.webp\u00bb parallax=\u00bbon\u00bb background_blend=\u00bbdarken\u00bb custom_padding=\u00bb20px|20px|20px|20px|true|true\u00bb global_colors_info=\u00bb{}\u00bb][et_pb_text _builder_version=\u00bb4.27.4&#8243; _module_preset=\u00bbdefault\u00bb header_3_font_size=\u00bb26px\u00bb custom_margin=\u00bb55px||10px||false|false\u00bb global_colors_info=\u00bb{}\u00bb]<\/p>\n<h3 style=\"text-align: left;\"><span style=\"color: #ffffff;\">Sector<br \/>Retail<\/span><\/h3>\n<p>[\/et_pb_text][et_pb_icon font_icon=\u00bb&#x24;||divi||400&#8243; icon_color=\u00bb#ffffff\u00bb align=\u00bbleft\u00bb _builder_version=\u00bb4.27.5&#8243; _module_preset=\u00bbdefault\u00bb custom_margin=\u00bb||0px||false|false\u00bb custom_padding=\u00bb30px||30px||false|false\u00bb hover_enabled=\u00bb0&#8243; global_colors_info=\u00bb{}\u00bb custom_padding_last_edited=\u00bbon|phone\u00bb sticky_enabled=\u00bb0&#8243; custom_padding_tablet=\u00bb0px||0px||false|false\u00bb custom_padding_phone=\u00bb0px||0px||false|false\u00bb][\/et_pb_icon][et_pb_button button_url=\u00bbhttps:\/\/www.idynamics.es\/es\/sector-retail\/\u00bb url_new_window=\u00bbon\u00bb button_text=\u00bbM\u00e1s\u00bb button_alignment=\u00bbleft\u00bb button_alignment_tablet=\u00bbcenter\u00bb button_alignment_phone=\u00bbcenter\u00bb button_alignment_last_edited=\u00bbon|phone\u00bb _builder_version=\u00bb4.27.4&#8243; _module_preset=\u00bbdefault\u00bb custom_button=\u00bbon\u00bb button_text_size=\u00bb20px\u00bb button_text_color=\u00bb#FFFFFF\u00bb button_bg_color=\u00bb#d81233&#8243; button_bg_use_color_gradient=\u00bbon\u00bb button_bg_color_gradient_stops=\u00bb#d81233 33%|#990a24 100%\u00bb button_border_width=\u00bb0px\u00bb button_border_color=\u00bbRGBA(255,255,255,0)\u00bb button_border_radius=\u00bb50px\u00bb button_letter_spacing=\u00bb3px\u00bb button_font=\u00bb|600|||||||\u00bb button_icon=\u00bb&#x35;||divi||400&#8243; background_layout=\u00bbdark\u00bb custom_margin=\u00bb||10px|||\u00bb custom_padding=\u00bb10px|40px|10px|40px|false|true\u00bb button_text_size_tablet=\u00bb20px\u00bb button_text_size_phone=\u00bb15px\u00bb button_text_size_last_edited=\u00bbon|desktop\u00bb locked=\u00bboff\u00bb global_colors_info=\u00bb{}\u00bb][\/et_pb_button][\/et_pb_column][et_pb_column type=\u00bb1_5&#8243; _builder_version=\u00bb4.27.4&#8243; _module_preset=\u00bbdefault\u00bb use_background_color_gradient=\u00bbon\u00bb background_color_gradient_direction=\u00bb105deg\u00bb background_color_gradient_stops=\u00bb#0a0202 0%|rgba(41,196,169,0) 100%\u00bb background_color_gradient_overlays_image=\u00bbon\u00bb background_image=\u00bbhttps:\/\/www.idynamics.es\/wp-content\/uploads\/2025\/09\/food-beverage-sector-idynamics.webp\u00bb parallax=\u00bbon\u00bb background_blend=\u00bbdarken\u00bb custom_padding=\u00bb20px|20px|20px|20px|true|true\u00bb global_colors_info=\u00bb{}\u00bb][et_pb_text _builder_version=\u00bb4.27.4&#8243; _module_preset=\u00bbdefault\u00bb header_3_font_size=\u00bb26px\u00bb custom_margin=\u00bb30px||10px||false|false\u00bb global_colors_info=\u00bb{}\u00bb]<\/p>\n<h3 style=\"text-align: left;\"><span style=\"color: #ffffff;\">Sector de Alimentaci\u00f3n y Bebidas<\/span><\/h3>\n<p>[\/et_pb_text][et_pb_icon font_icon=\u00bb&#x24;||divi||400&#8243; icon_color=\u00bb#ffffff\u00bb align=\u00bbleft\u00bb _builder_version=\u00bb4.27.4&#8243; _module_preset=\u00bbdefault\u00bb custom_margin=\u00bb||0px||false|false\u00bb custom_padding=\u00bb30px||30px||false|false\u00bb global_colors_info=\u00bb{}\u00bb custom_padding_tablet=\u00bb0px||0px||false|false\u00bb custom_padding_phone=\u00bb0px||0px||false|false\u00bb custom_padding_last_edited=\u00bbon|phone\u00bb][\/et_pb_icon][et_pb_button button_url=\u00bbhttps:\/\/www.idynamics.es\/es\/sector-alimentacion-bebidas\/\u00bb url_new_window=\u00bbon\u00bb button_text=\u00bbM\u00e1s\u00bb button_alignment=\u00bbleft\u00bb button_alignment_tablet=\u00bbcenter\u00bb button_alignment_phone=\u00bbcenter\u00bb button_alignment_last_edited=\u00bbon|phone\u00bb _builder_version=\u00bb4.27.4&#8243; _module_preset=\u00bbdefault\u00bb custom_button=\u00bbon\u00bb button_text_size=\u00bb20px\u00bb button_text_color=\u00bb#FFFFFF\u00bb button_bg_color=\u00bb#d81233&#8243; button_bg_use_color_gradient=\u00bbon\u00bb button_bg_color_gradient_stops=\u00bb#d81233 33%|#990a24 100%\u00bb button_border_width=\u00bb0px\u00bb button_border_color=\u00bbRGBA(255,255,255,0)\u00bb button_border_radius=\u00bb50px\u00bb button_letter_spacing=\u00bb3px\u00bb button_font=\u00bb|600|||||||\u00bb button_icon=\u00bb&#x35;||divi||400&#8243; background_layout=\u00bbdark\u00bb custom_margin=\u00bb||10px|||\u00bb custom_padding=\u00bb10px|40px|10px|40px|false|true\u00bb button_text_size_tablet=\u00bb20px\u00bb button_text_size_phone=\u00bb15px\u00bb button_text_size_last_edited=\u00bbon|desktop\u00bb locked=\u00bboff\u00bb global_colors_info=\u00bb{}\u00bb][\/et_pb_button][\/et_pb_column][et_pb_column type=\u00bb1_5&#8243; _builder_version=\u00bb4.27.4&#8243; _module_preset=\u00bbdefault\u00bb use_background_color_gradient=\u00bbon\u00bb background_color_gradient_direction=\u00bb105deg\u00bb background_color_gradient_stops=\u00bb#0a0202 0%|rgba(41,196,169,0) 100%\u00bb background_color_gradient_overlays_image=\u00bbon\u00bb background_image=\u00bbhttps:\/\/www.idynamics.es\/wp-content\/uploads\/2025\/09\/health-personal-care-sector-idynamics.webp\u00bb parallax=\u00bbon\u00bb background_blend=\u00bbdarken\u00bb custom_padding=\u00bb20px|20px|20px|20px|true|true\u00bb global_colors_info=\u00bb{}\u00bb][et_pb_text _builder_version=\u00bb4.27.4&#8243; _module_preset=\u00bbdefault\u00bb header_3_font_size=\u00bb26px\u00bb custom_margin=\u00bb30px||10px||false|false\u00bb global_colors_info=\u00bb{}\u00bb]<\/p>\n<h3 style=\"text-align: left;\"><span style=\"color: #ffffff;\">Sector Sanitario y Cuidado Personal<\/span><\/h3>\n<p>[\/et_pb_text][et_pb_icon font_icon=\u00bb&#x24;||divi||400&#8243; icon_color=\u00bb#ffffff\u00bb align=\u00bbleft\u00bb _builder_version=\u00bb4.27.4&#8243; _module_preset=\u00bbdefault\u00bb custom_margin=\u00bb||0px||false|false\u00bb custom_padding=\u00bb30px||30px||false|false\u00bb global_colors_info=\u00bb{}\u00bb custom_padding_tablet=\u00bb0px||0px||false|false\u00bb custom_padding_phone=\u00bb0px||0px||false|false\u00bb custom_padding_last_edited=\u00bbon|phone\u00bb][\/et_pb_icon][et_pb_button button_url=\u00bbhttps:\/\/www.idynamics.es\/es\/sector-salud-cuidado-personal\/\u00bb url_new_window=\u00bbon\u00bb button_text=\u00bbM\u00e1s\u00bb button_alignment=\u00bbleft\u00bb button_alignment_tablet=\u00bbcenter\u00bb button_alignment_phone=\u00bbcenter\u00bb button_alignment_last_edited=\u00bbon|phone\u00bb _builder_version=\u00bb4.27.4&#8243; _module_preset=\u00bbdefault\u00bb custom_button=\u00bbon\u00bb button_text_size=\u00bb20px\u00bb button_text_color=\u00bb#FFFFFF\u00bb button_bg_color=\u00bb#d81233&#8243; button_bg_use_color_gradient=\u00bbon\u00bb button_bg_color_gradient_stops=\u00bb#d81233 33%|#990a24 100%\u00bb button_border_width=\u00bb0px\u00bb button_border_color=\u00bbRGBA(255,255,255,0)\u00bb button_border_radius=\u00bb50px\u00bb button_letter_spacing=\u00bb3px\u00bb button_font=\u00bb|600|||||||\u00bb button_icon=\u00bb&#x35;||divi||400&#8243; background_layout=\u00bbdark\u00bb custom_margin=\u00bb||10px|||\u00bb custom_padding=\u00bb10px|40px|10px|40px|false|true\u00bb button_text_size_tablet=\u00bb20px\u00bb button_text_size_phone=\u00bb15px\u00bb button_text_size_last_edited=\u00bbon|desktop\u00bb locked=\u00bboff\u00bb global_colors_info=\u00bb{}\u00bb][\/et_pb_button][\/et_pb_column][\/et_pb_row][\/et_pb_section][et_pb_section fb_built=\u00bb1&#8243; custom_padding_last_edited=\u00bbon|phone\u00bb _builder_version=\u00bb4.27.4&#8243; custom_padding=\u00bb70px|0px|67.9px|0px|false|false\u00bb custom_padding_tablet=\u00bb46px|0px|107.906px|0px|false|false\u00bb custom_padding_phone=\u00bb80px||||false|false\u00bb locked=\u00bboff\u00bb global_colors_info=\u00bb{}\u00bb][et_pb_row column_structure=\u00bb1_3,2_3&#8243; _builder_version=\u00bb4.27.4&#8243; custom_padding=\u00bb25px|||||\u00bb global_colors_info=\u00bb{}\u00bb][et_pb_column type=\u00bb1_3&#8243; _builder_version=\u00bb4.16&#8243; custom_padding=\u00bb|||\u00bb global_colors_info=\u00bb{}\u00bb custom_padding__hover=\u00bb|||\u00bb][et_pb_text _builder_version=\u00bb4.27.4&#8243; text_font=\u00bb&#8211;et_global_body_font||||||||\u00bb text_font_size=\u00bb35px\u00bb text_line_height=\u00bb1.2em\u00bb header_font=\u00bb||||||||\u00bb header_text_align=\u00bbright\u00bb text_font_size_tablet=\u00bb35px\u00bb text_font_size_phone=\u00bb25px\u00bb text_font_size_last_edited=\u00bbon|phone\u00bb global_colors_info=\u00bb{}\u00bb]<\/p>\n<p><span style=\"color: #414141;\">Contacta con iDynamics, nuestros expertos le <\/span><strong><span style=\"color: #414141;\">ayudar\u00e1n a encontrar<\/span> <span style=\"color: #d81233;\">la mejor soluci\u00f3n para tu empresa<\/span><\/strong><\/p>\n<p>[\/et_pb_text][\/et_pb_column][et_pb_column type=\u00bb2_3&#8243; _builder_version=\u00bb4.27.2&#8243; custom_padding=\u00bb|||\u00bb global_colors_info=\u00bb{}\u00bb custom_padding__hover=\u00bb|||\u00bb][et_pb_code _builder_version=\u00bb4.27.4&#8243; _module_preset=\u00bbdefault\u00bb background_color=\u00bb#d81233&#8243; min_height=\u00bb500px\u00bb custom_margin=\u00bb-2px|15px|15px|15px|false|false\u00bb custom_padding=\u00bb30px||20px||false|false\u00bb border_radii=\u00bbon|30px|30px|30px|30px\u00bb global_colors_info=\u00bb{}\u00bb]<script src=https:\/\/www.cognitoforms.com\/f\/seamless.js data-key=\"M0Sv-ZtuoEypxyJjtZiRew\" data-form=\"795\"><\/script>[\/et_pb_code][\/et_pb_column][\/et_pb_row][\/et_pb_section]<\/p>\n","protected":false},"excerpt":{"rendered":"<p>&nbsp; iDynamics para Sectores: Soluciones integradas en Business Central &nbsp;Sector IndustrialSector Mayorista y de Distribuci\u00f3nSectorRetailSector de Alimentaci\u00f3n y BebidasSector Sanitario y Cuidado PersonalContacta con iDynamics, nuestros expertos le ayudar\u00e1n a encontrar la mejor soluci\u00f3n para tu empresa<\/p>\n","protected":false},"author":19,"featured_media":9802,"parent":0,"menu_order":0,"comment_status":"closed","ping_status":"closed","template":"","meta":{"_et_pb_use_builder":"on","_et_pb_old_content":"","_et_gb_content_width":"","footnotes":""},"class_list":["post-9805","page","type-page","status-publish","has-post-thumbnail","hentry"],"_links":{"self":[{"href":"https:\/\/www.idynamics.es\/es\/wp-json\/wp\/v2\/pages\/9805","targetHints":{"allow":["GET"]}}],"collection":[{"href":"https:\/\/www.idynamics.es\/es\/wp-json\/wp\/v2\/pages"}],"about":[{"href":"https:\/\/www.idynamics.es\/es\/wp-json\/wp\/v2\/types\/page"}],"author":[{"embeddable":true,"href":"https:\/\/www.idynamics.es\/es\/wp-json\/wp\/v2\/users\/19"}],"replies":[{"embeddable":true,"href":"https:\/\/www.idynamics.es\/es\/wp-json\/wp\/v2\/comments?post=9805"}],"version-history":[{"count":5,"href":"https:\/\/www.idynamics.es\/es\/wp-json\/wp\/v2\/pages\/9805\/revisions"}],"predecessor-version":[{"id":9810,"href":"https:\/\/www.idynamics.es\/es\/wp-json\/wp\/v2\/pages\/9805\/revisions\/9810"}],"wp:featuredmedia":[{"embeddable":true,"href":"https:\/\/www.idynamics.es\/es\/wp-json\/wp\/v2\/media\/9802"}],"wp:attachment":[{"href":"https:\/\/www.idynamics.es\/es\/wp-json\/wp\/v2\/media?parent=9805"}],"curies":[{"name":"wp","href":"https:\/\/api.w.org\/{rel}","templated":true}]}}